{"id":137,"date":"2024-07-26T14:00:09","date_gmt":"2024-07-26T14:00:09","guid":{"rendered":"https:\/\/impactacademy.at\/?page_id=137"},"modified":"2025-07-29T08:45:17","modified_gmt":"2025-07-29T08:45:17","slug":"datenschutz","status":"publish","type":"page","link":"https:\/\/impactacademy.at\/index.php\/datenschutz\/","title":{"rendered":"Datenschutz"},"content":{"rendered":"<p>[et_pb_section fb_built=&#8220;1&#8243; _builder_version=&#8220;4.19.4&#8243; _module_preset=&#8220;default&#8220; custom_padding=&#8220;||0px|||&#8220; global_colors_info=&#8220;{}&#8220;][et_pb_row _builder_version=&#8220;4.19.4&#8243; _module_preset=&#8220;default&#8220; min_height=&#8220;2966.1px&#8220; global_colors_info=&#8220;{}&#8220;][et_pb_column type=&#8220;4_4&#8243; _builder_version=&#8220;4.19.4&#8243; _module_preset=&#8220;default&#8220; global_colors_info=&#8220;{}&#8220;][et_pb_text _builder_version=&#8220;4.27.0&#8243; _module_preset=&#8220;default&#8220; header_font=&#8220;|700|||||||&#8220; header_text_color=&#8220;#1D4A62&#8243; header_font_size=&#8220;3em&#8220; custom_margin=&#8220;4em||||false|false&#8220; global_colors_info=&#8220;{}&#8220;]<\/p>\n<h1><strong>Datenschutzerkl\u00e4rung<\/strong><\/h1>\n<p>Wir arbeiten mit Menschen f\u00fcr Menschen. F\u00fcr das Vernetzen von Menschen f\u00fcr das Zustandekommen von wertvollem Austausch verarbeiten wir daher personenbezogene Daten. Sie z\u00e4hlen zu unserem wertvollen Kapital und daher ist es uns enorm wichtig, sie zu sch\u00fctzen. Dein Vertrauen in uns und unseren gewissenhaften Umgang mit Deinen Daten liegt uns sehr am Herzen. In dieser Datenschutzinformation informieren wir Dich \u00fcber unsere wichtigsten Verarbeitungen von personenbezogenen Daten.<\/p>\n<p><strong>Informationspflichten nach DSGVO<\/strong> Stand: Februar 2024<\/p>\n<h3>1. GEGENSTAND DER ERKL\u00c4RUNG<\/h3>\n<p><strong>Impact Academy<\/strong> (Future Wings Privatstiftung, Ludwig Szinicz Stra\u00dfe 3, 4614 Marchtrenk, \u00d6sterreich; Verantwortlicher gem\u00e4\u00df DSGVO) nimmt den Schutz von personenbezogenen Daten ernst. Aus diesem Grund verarbeitet Impact Academy personenbezogene Daten selbstverst\u00e4ndlich gem\u00e4\u00df den Voraussetzungen anwendbarer Rechtsvorschriften insbesondere gem\u00e4\u00df der Verordnung (EU) 2016\/679 des Europ\u00e4ischen Parlaments und des Rates vom 27. April 2016 zum Schutz nat\u00fcrlicher Personen bei der Verarbeitung personenbezogener Daten, zum freien Datenverkehr (\u201eDSGVO\u201c).<\/p>\n<p>\u201ePersonenbezogene Daten\u201c sind alle Informationen, die sich auf eine identifizierte oder identifizierbare nat\u00fcrliche Person beziehen, beispielsweise Name, Adresse, E-Mail-Adresse sowie IP-Adresse.<\/p>\n<h3>2. VERARBEITUNG IM ALLGEMEINEN<\/h3>\n<p>Impact Academy verarbeitet personenbezogene Daten auf ihrer Website auf Basis Ihrer Einwilligung (Einsatz von Cookies zur Analyse des Besuches; Opt-Out siehe unten; Kontaktaufnahme per E-Mail) und im berechtigten Interesse.<\/p>\n<p>Eine \u00dcbermittlung Ihrer Daten an Dritte (Auftragsverarbeiter) findet grunds\u00e4tzlich nicht statt, es sei denn, wir sind gesetzlich dazu verpflichtet, die Datenweitergabe ist zur Durchf\u00fchrung unserer vertraglichen Pflichten erforderlich oder Sie haben zuvor ausdr\u00fccklich in die Weitergabe Ihrer Daten eingewilligt.<\/p>\n<p>Bei blo\u00df informatorischer Nutzung unserer Website, d.h. wenn Sie sich nicht registrieren oder anderweitig Informationen \u00fcbermitteln, erheben wir lediglich personenbezogene Daten, die Ihr Browser \u00fcbermittelt. Sofern Sie also unsere Website besuchen, erheben wir die nachfolgend angef\u00fchrten Daten, die f\u00fcr uns technisch erforderlich sind, um Ihnen die Website anzuzeigen und deren Stabilit\u00e4t und Sicherheit zu gew\u00e4hrleisten:<\/p>\n<p>IP-Adresse und IP-Standort, Datum und Uhrzeit der Anfrage, Zeitzonendifferenz zur Greenwich Mean Time (GMT), Inhalt der Anforderung (konkrete Seite), Zugriffsstatus\/HTTP-Statuscode, jeweils \u00fcbertragene Datenmenge, Website, von der die Anforderung kommt, Betriebssystem und dessen Oberfl\u00e4che, Sprache und Version der Browsersoftware, Anzahl, Dauer und Zeit der Aufrufe, Suchmaschinen und Schl\u00fcsselw\u00f6rter, die benutzt wurden, Browsertyp, Bildschirmgr\u00f6\u00dfe und Betriebssystem.<\/p>\n<p>Auf unserer Website setzen wir auch Links zu anderen Websites; dies erfolgt lediglich zu Informationszwecken. Diese Websites stehen nicht unter unserer Kontrolle und fallen daher nicht unter die Bestimmungen dieser Datenschutzerkl\u00e4rung. Sollten Sie einen Link aufrufen, ist es m\u00f6glich, dass der Betreiber dieser Websites Daten \u00fcber Sie erhebt und diese gem\u00e4\u00df seiner Datenschutzerkl\u00e4rung, die von unserer Version abweichen:<\/p>\n<h3>3. VERWENDUNG VON COOKIES UND APPLIKATIONEN VON DRITTANBIETERN<\/h3>\n<p>Bei Nutzung der Website werden zudem \u201eCookies\u201c auf dem Zugriffsger\u00e4t des Besuchers gespeichert. Cookies sind kleine Dateien, die es erm\u00f6glichen, auf dem Zugriffsger\u00e4t (PC, Smartphone o.\u00e4.) spezifische, auf das Ger\u00e4t bezogene Informationen zu speichern. Sie dienen zum einen der Benutzerfreundlichkeit von Websites und damit dem Benutzer (z.B. Speicherung von Logindaten) und zum anderen dazu, statistische Daten der Websitenutzung zu erfassen und sie zwecks Verbesserung des Angebotes zu analysieren. Der Benutzer kann auf den Einsatz der Cookies Einfluss nehmen. Die meisten Browser verf\u00fcgen \u00fcber eine Option mit der das Speichern von Cookies eingeschr\u00e4nkt oder komplett verhindert werden kann. Allerdings wird darauf hingewiesen, dass die Nutzung und insbesondere der Nutzungskomfort ohne Cookies eingeschr\u00e4nkt werden.<\/p>\n<p>Transiente Cookies werden automatisiert gel\u00f6scht, wenn Sie Ihren Browser schlie\u00dfen. Dazu z\u00e4hlen insbesondere Session-Cookies. Diese speichern eine sogenannte Session-ID, mit welcher sich verschiedene Anfragen Ihres Browsers der gemeinsamen Sitzung zuordnen lassen. Dadurch kann Ihr Rechner wiedererkannt werden, wenn Sie auf unsere Website zur\u00fcckkehren. Diese Session-Cookies werden gel\u00f6scht, wenn Sie sich ausloggen oder den Browser schlie\u00dfen.<\/p>\n<p>Persistente Cookies werden automatisiert nach einer vorgegebenen Dauer gel\u00f6scht, die sich je nach Cookie unterscheiden kann. Sie selbst k\u00f6nnen die Cookies jedoch in Ihren Browsereinstellungen jederzeit l\u00f6schen. Sie leisten einen Beitrag zur Benutzerfreundlichkeit (u.a. standortad\u00e4quate Anzeige des Inhalts) und dienen der Analyse der Website (siehe \u201eGoogle Analytics\u201c). Zudem setzen eingebundene Plug-Ins (siehe unten) Cookies zur Ausf\u00fchrung ihrer Dienste ein.<\/p>\n<p>Folgende Cookies werden grunds\u00e4tzlich auf der Website gesetzt:<\/p>\n<p><strong>Applikation:<\/strong> Google Analytics &amp; Google Search Console<\/p>\n<p><strong>Anbieter:<\/strong> Google LLC 1600 Amphitheatre Parkway Mountain View, CA 94043 USA (\u201eGoogle\u201c)<\/p>\n<p><strong>Beschreibung:<\/strong> Diese Website benutzt Google Analytics, einen Webanalysedienst der Google Inc. (\u201eGoogle\u201c). Google Analytics verwendet sog. Cookies, Textdateien, die auf einem Computer gespeichert werden und die eine Analyse der Benutzung der Website erm\u00f6glichen. Die durch das Cookie erzeugten Informationen \u00fcber die Benutzung dieser Website werden in der Regel an einen Server von Google in den USA \u00fcbertragen und dort gespeichert. Im Falle der Aktivierung der IP-Anonymisierung auf dieser Website (_gat._anonymizeIp), wird die IP-Adresse von Google jedoch innerhalb von Mitgliedstaaten der Europ\u00e4ischen Union oder in anderen Vertragsstaaten des Abkommens \u00fcber den Europ\u00e4ischen Wirtschaftsraum zuvor gek\u00fcrzt. Nur in Ausnahmef\u00e4llen wird die volle IP-Adresse an einen Server von Google in den USA \u00fcbertragen und dort gek\u00fcrzt. Im Auftrag des Betreibers dieser Website wird Google diese Informationen benutzen, um die Nutzung der Website auszuwerten, um Reports \u00fcber die Websiteaktivit\u00e4ten zusammenzustellen und um weitere mit der Websitenutzung und der Internetnutzung verbundene Dienstleistungen gegen\u00fcber dem Websitebetreiber zu erbringen. Die im Rahmen von Google Analytics vom Browser \u00fcbermittelte IP-Adresse wird nicht mit anderen Daten von Google zusammengef\u00fchrt. Die Speicherung der Cookies kann durch eine entsprechende Einstellung der Browser-Software verhindert werden; wir weisen jedoch darauf hin, dass in diesem Fall gegebenenfalls nicht s\u00e4mtliche Funktionen dieser Website vollumf\u00e4nglich genutzt werden k\u00f6nnen. Dar\u00fcber hinaus kann die Erfassung der durch das Cookie erzeugten und auf die Nutzung der Website bezogenen Daten (inkl. Ihrer IP-Adresse) an Google sowie die Verarbeitung dieser Daten durch Google durch Installation eines Browser-PlugIns verhindert werden.<\/p>\n<p>Google bietet f\u00fcr die g\u00e4ngigsten Browser ein Deaktivierungs-Add-on an, welches mehr Kontrolle dar\u00fcber gibt, welche Daten von Google zu der aufgerufenen Website erfasst werden. Das Add-on teilt dem JavaScript (ga.js) von Google Analytics mit, dass keine Informationen zum Website-Besuch an Google Analytics \u00fcbermittelt werden sollen. Das Deaktivierungs-Add-on f\u00fcr Browser von Google Analytics verhindert aber nicht, dass Informationen an Impact Academy oder an andere gegebenenfalls eingesetzte Webanalyse-Services \u00fcbermittelt werden. Folgende Google Cookies werden auf unserer Website gesetzt: _ga, _gat, _gid \u2013 Laufzeit 2 Jahre<\/p>\n<p>Durch den Besuch unserer Website erh\u00e4lt Google die Information, dass Sie die entsprechende Subsite unserer Website aufgerufen haben und die unter 2. angef\u00fchrten personenbezogenen Daten. Dies erfolgt unabh\u00e4ngig davon, ob Sie \u00fcber einen Google-Account eingeloggt sind oder nicht. Sofern Sie bei Google eingeloggt sind, werden Ihre Daten direkt Ihrem Account zugeordnet. Sofern Sie dies nicht w\u00fcnschen, m\u00fcssen Sie sich vor Nutzung dieses Service bei Google ausloggen. Google nutzt Ihre Daten zu Zwecken der Werbung, Marktforschung und bedarfsgerechter Websitegestaltung. Ihnen steht ein Widerspruchsrecht gegen die diesbez\u00fcgliche Nutzung Ihrer Daten zu, dass Sie direkt an Google richten m\u00fcssen.<\/p>\n<p>Des Weiteren m\u00f6chten wir darauf hinweisen, dass Google Ihre Daten auch in den USA verarbeitet und sich dem EU-US Privacy Shield unterworfen hat. Diese finden Sie unter <a rel=\"noopener\" target=\"_new\" href=\"http:\/\/www.google.de\/intl\/de\/policies\/privacy\">http:\/\/www.google.de\/intl\/de\/policies\/privacy<\/a>.<\/p>\n<p><strong>Widerruf der Einwilligung<\/strong><\/p>\n<p>Browser Add-On zur Deaktivierung von Google Analytics:<br \/><a rel=\"noopener\" target=\"_new\" href=\"https:\/\/tools.google.com\/dlpage\/gaoptout?hl=de\">https:\/\/tools.google.com\/dlpage\/gaoptout?hl=de<\/a><\/p>\n<p>Google Analytics Cookies k\u00f6nnen auch \u00fcber unsere allgemeinen Cookie-Einstellungen verwaltet werden.<\/p>\n<p>Informationen zu Zweck und Umfang der Datenerhebung erhalten Sie in der Datenschutzerkl\u00e4rung von Google, diese finden Sie unter:<br \/><a rel=\"noopener\" target=\"_new\" href=\"http:\/\/www.google.de\/intl\/de\/policies\/privacy\">http:\/\/www.google.de\/intl\/de\/policies\/privacy<\/a><\/p>\n<p><strong>Applikation:<\/strong> YouTube Einbettung<\/p>\n<p><strong>Anbieter:<\/strong> YouTube LLC, 901 Cherry Avenue, San Bruno, CA 94066, USA<\/p>\n<p><strong>Beschreibung:<\/strong> Impact Academy nutzt f\u00fcr die Einbindung von Videos u.a. ein Plugin der von Google betriebenen Seite YouTube. Wenn der Benutzer eine von Impact Academy mit einem YouTube-Plugin ausgestatteten Internetpr\u00e4senz besucht, wird eine Verbindung zu den YouTube-Servern hergestellt. Hierdurch wird an den YouTube-Server \u00fcbermittelt, welche der Internetseiten von Future Wings Challenge besucht wurden. Sollte der Benutzer obendrein in seinem YouTube-Account eingeloggt sein, wird YouTube erm\u00f6glicht, das Surfverhalten direkt dem pers\u00f6nlichen Benutzerprofil zuzuordnen.<\/p>\n<p><strong>Widerruf der Einwilligung<\/strong><\/p>\n<p>Eine derartige Zuordnung kann durch Abmeldung aus dem YouTube-Account sowie anderen Benutzerkonten der Firma YouTube LLC bzw. Google Inc. und durch L\u00f6schung der entsprechenden Cookies verhindert werden.<\/p>\n<p>Zum Zwecke des Schutzes vor Missbrauch unserer Web-Formulare sowie vor Spam nutzen wir im Rahmen einiger Formulare auf dieser Webseite den Google reCAPTCHA Service des Unternehmens Google LLC, 1600 Amphitheatre Parkway, Mountain View, CA 94043, USA (nachfolgend: Google). Durch die \u00dcberpr\u00fcfung einer manuellen Eingabe verhindert dieser Dienst, dass automatisierte Software (sog. Bots) missbr\u00e4uchliche Aktivit\u00e4ten auf der Website ausf\u00fchrt. Dies dient gem\u00e4\u00df Art. 6 Abs. 1 S. 1 lit. f DSGVO der Wahrung unserer im Rahmen einer Interessensabw\u00e4gung \u00fcberwiegenden berechtigten Interessen am Schutz unserer Webseite vor Missbrauch sowie an einer st\u00f6rungsfreien Darstellung unseres Onlineauftritts.<\/p>\n<p>Google reCAPTCHA verwendet mittels eines in der Webseite eingebundenen Codes, einem sog. JavaScript, im Rahmen der \u00dcberpr\u00fcfung Methoden, die eine Analyse der Benutzung der Website durch Sie erm\u00f6glichen, wie zum Beispiel Cookies. Die automatisch erhobenen Informationen \u00fcber Ihre Benutzung dieser Website einschlie\u00dflich Ihrer IP-Adresse werden in der Regel an einen Server von Google in den USA \u00fcbertragen und dort gespeichert. Daneben werden andere, durch Google Dienste in Ihrem Browser gespeicherte Cookies durch Google reCAPTCHA ausgewertet.<\/p>\n<p>Ein Auslesen oder Speichern von personenbezogenen Daten aus den Eingabefeldern des jeweiligen Formulars findet nicht statt.<\/p>\n<p>Google ist zertifiziert unter dem EU-US-Privacy Shield. Ein aktuelles Zertifikat kann hier eingesehen werden. Aufgrund dieses Abkommens zwischen den USA und der Europ\u00e4ischen Kommission hat letztere f\u00fcr unter dem Privacy Shield zertifizierte Unternehmen ein angemessenes Datenschutzniveau festgestellt.<\/p>\n<p>Sie k\u00f6nnen die Erfassung der durch das JavaScript, bzw. das Cookie erzeugten und auf Ihre Nutzung der Website bezogenen Daten (inkl. Ihrer IP-Adresse) an Google sowie die Verarbeitung dieser Daten durch Google verhindern, indem Sie in Ihren Browser-Einstellungen die Ausf\u00fchrung von JavaScripten oder das Setzen von Cookies unterbinden. Bitte beachten Sie, dass dies die Funktionalit\u00e4t unseres Webangebots f\u00fcr Ihre Nutzung einschr\u00e4nken kann.<\/p>\n<p>Weitere Informationen zu der Datenschutzpolicy von Google finden Sie hier.<\/p>\n<h3>4. WERBUNG<\/h3>\n<p><strong>Postwerbung und Ihr Widerspruchsrecht<\/strong><\/p>\n<p>Dar\u00fcber hinaus behalten wir uns vor, Ihren Vor- und Nachnamen sowie Ihre Postanschrift f\u00fcr eigene Werbezwecke zu nutzen, z.B. zur Zusendung von interessanten Informationen zu unseren Aktivit\u00e4ten per Briefpost. Dies dient der Wahrung unserer im Rahmen einer Interessensabw\u00e4gung \u00fcberwiegenden berechtigten Interessen an einer werblichen Ansprache unserer Kunden gem\u00e4\u00df Art. 6 Abs. 1 S. 1 lit. f DSGVO.<\/p>\n<h3>5. BETROFFENENRECHTE UND KONTAKT<\/h3>\n<p>Impact Academy weist darauf hin, dass der Benutzer gem\u00e4\u00df DSGVO in Bezug auf die Verarbeitung seiner personenbezogenen Daten sogenannte Betroffenenrechte hat, etwa ein Recht auf Auskunft, Datenportierung, Widerspruch und L\u00f6schung. Um diese geltend zu machen sowie bei sonstigen Fragen zur Verarbeitung von personenbezogenen Daten bei Impact Academy, bitten wir um Kontaktaufnahme unter: Impact Academy, Betreff: Datenschutzanfrage, Ludwig Szinicz Stra\u00dfe 3, 4614 Marchtrenk, \u00d6sterreich, alternativ per E-Mail unter <a rel=\"noopener\">info@futurewings-challenge.at<\/a>.<\/p>\n<p>Der Benutzer hat zudem ein datenschutzrechtliches Beschwerderecht bei der Datenschutzbeh\u00f6rde der Republik \u00d6sterreich: <a rel=\"noopener\" target=\"_new\" href=\"https:\/\/www.dsb.gv.at\/\">Startseite \u2013 Datenschutzbeh\u00f6rde (dsb.gv.at)<\/a>.<\/p>\n<h3>6. ADAPTIERUNG DER DATENSCHUTZERKL\u00c4RUNG<\/h3>\n<p>Impact Academy pflegt seine Website regelm\u00e4\u00dfig. Im Zuge dessen kann eine Adaptierung dieser Erkl\u00e4rung erfolgen. Ein gesonderter Hinweis auf diese Adaptierung findet nicht statt. Aus diesem Grund ist ein regelm\u00e4\u00dfiger Zugriff auf diese Erkl\u00e4rung empfehlenswert.<\/p>\n<h3>7. COPYRIGHT<\/h3>\n<p>Der Inhalt dieser Website ist urheberrechtlich gesch\u00fctzt. Die Informationen sind nur f\u00fcr die pers\u00f6nliche Verwendung bestimmt. Jede weitergehende Nutzung, insbesondere die Speicherung in Datenbanken, Vervielf\u00e4ltigung und jede Form von gewerblicher Nutzung sowie die Weitergabe an Dritte \u2013 auch in Teilen oder in \u00fcberarbeiteter Form, insbesondere von Fotos, Abbildungen und Texten \u2013 ohne Zustimmung des Betreibers der Website ist untersagt.<\/p>\n<h3>8. HOSTING<\/h3>\n<p><strong>Dienst:<\/strong> SCRIMO GmbH<br \/><strong>Anbieter:<\/strong> SCRIMO GmbH, B\u00e4ckerm\u00fchlweg 74, 4030 Linz \u2013 \u00d6sterreich<br \/><strong>Datenschutzerkl\u00e4rung:<\/strong> <a rel=\"noopener\" target=\"_new\" href=\"https:\/\/www.scrimo.com\/datenschutz\">https:\/\/www.scrimo.com\/datenschutz<\/a><\/p>\n<h3>9. WEB-SCHRIFTEN<\/h3>\n<p><strong>Google Fonts<\/strong><\/p>\n<p>Wir verarbeiten mit unserem Auftragsverarbeiter Google Fonts, Google Ireland Limited, Gordon House, Barrow Street, Dublin 4, Irland, Verbindungsdaten und Browserdaten zum Zweck der Bereitstellung der vom Webbrowser zur Anzeige der Website ben\u00f6tigten Schriftarten. Diese Daten werden nur f\u00fcr die zur Auswahl und \u00dcbermittlung der Schriftarten ben\u00f6tigte Dauer verarbeitet.<\/p>\n<p>Die Rechtsgrundlage f\u00fcr die Datenverarbeitung ist die unbedingte technische Notwendigkeit zur Bereitstellung und Auslieferung des von Ihnen durch Ihren Aufruf ausdr\u00fccklich gew\u00fcnschten Dienstes \u201eWebsite\u201c gem\u00e4\u00df \u00a7 165 Abs. 3 TKG 2021.<\/p>\n<p>Soweit durch Google Fonts eine weitergehende eigenst\u00e4ndige Verarbeitung der Daten erfolgt, ist Google daf\u00fcr alleinige Verantwortliche. Details finden Sie in der Datenschutzerkl\u00e4rung und in den FAQ von Google Fonts.<\/p>\n<p><strong>Font Awesome<\/strong><\/p>\n<p>Wir verarbeiten mit unserem Auftragsverarbeiter Fontawesome, Fonticons, Inc., 6 Porter Road, Apartment 3R, Cambridge, MA 02140, USA, Verbindungsdaten und Browserdaten zum Zweck der Bereitstellung der vom Webbrowser zur Anzeige der Website ben\u00f6tigten Schriftarten. Diese Daten werden nur f\u00fcr die zur Auswahl und \u00dcbermittlung der Schriftarten ben\u00f6tigte Dauer verarbeitet.<\/p>\n<p>Die Rechtsgrundlage f\u00fcr die Datenverarbeitung ist die unbedingte technische Notwendigkeit zur Bereitstellung und Auslieferung des von Ihnen durch Ihren Aufruf ausdr\u00fccklich gew\u00fcnschten Dienstes \u201eWebsite\u201c gem\u00e4\u00df \u00a7 165 Abs. 3 TKG 2021.<\/p>\n<p>Soweit durch Fontawesome eine weitergehende eigenst\u00e4ndige Verarbeitung der Daten erfolgt, ist Fontawesome daf\u00fcr alleinige Verantwortliche. Details finden Sie in der Datenschutzerkl\u00e4rung von Fontawesome.<\/p>\n<p><strong>Fonts.com<\/strong><\/p>\n<p>Wir verarbeiten mit unserem Auftragsverarbeiter Fonts.com, Monotype GmbH, Werner-Reimers-Stra\u00dfe 2\u20134, 61352 Bad Homburg, Deutschland, Verbindungsdaten und Browserdaten zum Zweck der Bereitstellung der vom Webbrowser zur Anzeige der Website ben\u00f6tigten Schriftarten. Diese Daten werden nur f\u00fcr die zur Auswahl und \u00dcbermittlung der Schriftarten ben\u00f6tigte Dauer verarbeitet.<\/p>\n<p>Die Rechtsgrundlage f\u00fcr die Datenverarbeitung ist die unbedingte technische Notwendigkeit zur Bereitstellung und Auslieferung des von Ihnen durch Ihren Aufruf ausdr\u00fccklich gew\u00fcnschten Dienstes \u201eWebsite\u201c gem\u00e4\u00df \u00a7 165 Abs. 3 TKG 2021.<\/p>\n<p>Soweit durch Fonts.com eine weitergehende eigenst\u00e4ndige Verarbeitung der Daten erfolgt, ist Fonts.com daf\u00fcr alleinige Verantwortliche. Details finden Sie in der Datenschutzerkl\u00e4rung von Fonts.com.<\/p>\n<p>&nbsp;<\/p>\n<p>[\/et_pb_text][\/et_pb_column][\/et_pb_row][\/et_pb_section]<\/p>\n","protected":false},"excerpt":{"rendered":"<p>Datenschutzerkl\u00e4rung Wir arbeiten mit Menschen f\u00fcr Menschen. F\u00fcr das Vernetzen von Menschen f\u00fcr das Zustandekommen von wertvollem Austausch verarbeiten wir daher personenbezogene Daten. Sie z\u00e4hlen zu unserem wertvollen Kapital und daher ist es uns enorm wichtig, sie zu sch\u00fctzen. Dein Vertrauen in uns und unseren gewissenhaften Umgang mit Deinen Daten liegt uns sehr am Herzen. [&hellip;]<\/p>\n","protected":false},"author":1,"featured_media":0,"parent":0,"menu_order":0,"comment_status":"closed","ping_status":"closed","template":"","meta":{"_et_pb_use_builder":"on","_et_pb_old_content":"","_et_gb_content_width":"","footnotes":""},"class_list":["post-137","page","type-page","status-publish","hentry"],"_links":{"self":[{"href":"https:\/\/impactacademy.at\/index.php\/wp-json\/wp\/v2\/pages\/137","targetHints":{"allow":["GET"]}}],"collection":[{"href":"https:\/\/impactacademy.at\/index.php\/wp-json\/wp\/v2\/pages"}],"about":[{"href":"https:\/\/impactacademy.at\/index.php\/wp-json\/wp\/v2\/types\/page"}],"author":[{"embeddable":true,"href":"https:\/\/impactacademy.at\/index.php\/wp-json\/wp\/v2\/users\/1"}],"replies":[{"embeddable":true,"href":"https:\/\/impactacademy.at\/index.php\/wp-json\/wp\/v2\/comments?post=137"}],"version-history":[{"count":6,"href":"https:\/\/impactacademy.at\/index.php\/wp-json\/wp\/v2\/pages\/137\/revisions"}],"predecessor-version":[{"id":251,"href":"https:\/\/impactacademy.at\/index.php\/wp-json\/wp\/v2\/pages\/137\/revisions\/251"}],"wp:attachment":[{"href":"https:\/\/impactacademy.at\/index.php\/wp-json\/wp\/v2\/media?parent=137"}],"curies":[{"name":"wp","href":"https:\/\/api.w.org\/{rel}","templated":true}]}}